{"id":746,"date":"2023-08-11T08:54:42","date_gmt":"2023-08-11T06:54:42","guid":{"rendered":"https:\/\/mae.gov.bi\/diaspora\/?page_id=746"},"modified":"2023-09-01T11:21:27","modified_gmt":"2023-09-01T09:21:27","slug":"carte-cepgl","status":"publish","type":"page","link":"https:\/\/mae.gov.bi\/diaspora\/carte-cepgl\/","title":{"rendered":"Carte CEPGL"},"content":{"rendered":"<p><strong>Documents exig\u00e9s pour les majeurs:<\/strong><\/p>\n<ul>\n<li>Photocopie de la Carte Nationale d\u2019Identit\u00e9<\/li>\n<li>Attestation d\u2019identit\u00e9 compl\u00e8te<\/li>\n<li>Attestation de r\u00e9sidence<\/li>\n<li>Document pouvant justifier la profession du requ\u00e9rant<\/li>\n<li>Photo passeport<\/li>\n<\/ul>\n<p><strong>Documents exig\u00e9s pour les mineurs:<\/strong><\/p>\n<ul>\n<li>Photocopie de l\u2019Extrait d\u2019Acte de Naissance d\u2019Identit\u00e9<\/li>\n<li>Autorisation parentale notari\u00e9e<\/li>\n<li>Photocopies des Cartes Nationales d\u2019 Identit\u00e9 des parents<\/li>\n<li>Photo passeport<\/li>\n<li>Attestation de scolarit\u00e9<\/li>\n<\/ul>\n<p><strong>Documents exig\u00e9s pour les \u00e9trangers:<\/strong><\/p>\n<ul>\n<li>Copie du passeport en cours de validit\u00e9<\/li>\n<li>Copie du visa d\u2019\u00e9tablissement<\/li>\n<li>Photo passeport<\/li>\n<\/ul>\n<p><strong>Documents exig\u00e9s pour le renouvellement<\/strong>:<\/p>\n<ul>\n<li>Copie du document de voyage expir\u00e9<\/li>\n<li>Copie de la carte nationale d\u2019identit\u00e9 pour les adultes ou extrait d\u2019acte de naissance pour les mineurs<\/li>\n<li>Attestation de service pour ceux travaillent ou carte d\u2019 \u00e9tudiant pour les \u00e9tudiants et attestation de scolarit\u00e9 pour les \u00e9l\u00e8ves<\/li>\n<\/ul>\n<p>Tarif: 18.000 FBU<\/p>\n<p>Validit\u00e9: 1 an pour les nationaux<\/p>\n<p>Validit\u00e9: 3 mois pour les expatri\u00e9s r\u00e9sidents<\/p>\n<p>Octroy\u00e9 au Commissariat G\u00e9n\u00e9ral des Migrations<\/p>\n","protected":false},"excerpt":{"rendered":"<p>Documents exig\u00e9s pour les majeurs: Photocopie de la Carte Nationale d\u2019Identit\u00e9 Attestation d\u2019identit\u00e9 compl\u00e8te Attestation de r\u00e9sidence Document pouvant justifier la profession du requ\u00e9rant Photo passeport Documents exig\u00e9s pour les mineurs: Photocopie de l\u2019Extrait d\u2019Acte de Naissance d\u2019Identit\u00e9 Autorisation parentale notari\u00e9e Photocopies des Cartes Nationales d\u2019 Identit\u00e9 des parents Photo passeport Attestation de scolarit\u00e9 Documents &hellip;<\/p>\n","protected":false},"author":21,"featured_media":0,"parent":0,"menu_order":0,"comment_status":"closed","ping_status":"closed","template":"","meta":{"footnotes":""},"class_list":["post-746","page","type-page","status-publish",""],"yoast_head":"<!-- This site is optimized with the Yoast SEO plugin v27.5 - https:\/\/yoast.com\/product\/yoast-seo-wordpress\/ -->\n<title>Carte CEPGL - Portail de la Diaspora<\/title>\n<meta name=\"robots\" content=\"index, follow, max-snippet:-1, max-image-preview:large, max-video-preview:-1\" \/>\n<link rel=\"canonical\" href=\"https:\/\/mae.gov.bi\/diaspora\/carte-cepgl\/\" \/>\n<meta property=\"og:locale\" content=\"fr_FR\" \/>\n<meta property=\"og:type\" content=\"article\" \/>\n<meta property=\"og:title\" content=\"Carte CEPGL - Portail de la Diaspora\" \/>\n<meta property=\"og:description\" content=\"Documents exig\u00e9s pour les majeurs: Photocopie de la Carte Nationale d\u2019Identit\u00e9 Attestation d\u2019identit\u00e9 compl\u00e8te Attestation de r\u00e9sidence Document pouvant justifier la profession du requ\u00e9rant Photo passeport Documents exig\u00e9s pour les mineurs: Photocopie de l\u2019Extrait d\u2019Acte de Naissance d\u2019Identit\u00e9 Autorisation parentale notari\u00e9e Photocopies des Cartes Nationales d\u2019 Identit\u00e9 des parents Photo passeport Attestation de scolarit\u00e9 Documents &hellip;\" \/>\n<meta property=\"og:url\" content=\"https:\/\/mae.gov.bi\/diaspora\/carte-cepgl\/\" \/>\n<meta property=\"og:site_name\" content=\"Portail de la Diaspora\" \/>\n<meta property=\"article:modified_time\" content=\"2023-09-01T09:21:27+00:00\" \/>\n<meta name=\"twitter:card\" content=\"summary_large_image\" \/>\n<meta name=\"twitter:label1\" content=\"Dur\u00e9e de lecture estim\u00e9e\" \/>\n\t<meta name=\"twitter:data1\" content=\"1 minute\" \/>\n<script type=\"application\/ld+json\" class=\"yoast-schema-graph\">{\"@context\":\"https:\\\/\\\/schema.org\",\"@graph\":[{\"@type\":\"WebPage\",\"@id\":\"https:\\\/\\\/mae.gov.bi\\\/diaspora\\\/carte-cepgl\\\/\",\"url\":\"https:\\\/\\\/mae.gov.bi\\\/diaspora\\\/carte-cepgl\\\/\",\"name\":\"Carte CEPGL - Portail de la Diaspora\",\"isPartOf\":{\"@id\":\"https:\\\/\\\/mae.gov.bi\\\/diaspora\\\/#website\"},\"datePublished\":\"2023-08-11T06:54:42+00:00\",\"dateModified\":\"2023-09-01T09:21:27+00:00\",\"breadcrumb\":{\"@id\":\"https:\\\/\\\/mae.gov.bi\\\/diaspora\\\/carte-cepgl\\\/#breadcrumb\"},\"inLanguage\":\"fr-FR\",\"potentialAction\":[{\"@type\":\"ReadAction\",\"target\":[\"https:\\\/\\\/mae.gov.bi\\\/diaspora\\\/carte-cepgl\\\/\"]}]},{\"@type\":\"BreadcrumbList\",\"@id\":\"https:\\\/\\\/mae.gov.bi\\\/diaspora\\\/carte-cepgl\\\/#breadcrumb\",\"itemListElement\":[{\"@type\":\"ListItem\",\"position\":1,\"name\":\"Accueil\",\"item\":\"https:\\\/\\\/mae.gov.bi\\\/diaspora\\\/\"},{\"@type\":\"ListItem\",\"position\":2,\"name\":\"Carte CEPGL\"}]},{\"@type\":\"WebSite\",\"@id\":\"https:\\\/\\\/mae.gov.bi\\\/diaspora\\\/#website\",\"url\":\"https:\\\/\\\/mae.gov.bi\\\/diaspora\\\/\",\"name\":\"Portail de la Diaspora\",\"description\":\"\",\"potentialAction\":[{\"@type\":\"SearchAction\",\"target\":{\"@type\":\"EntryPoint\",\"urlTemplate\":\"https:\\\/\\\/mae.gov.bi\\\/diaspora\\\/?s={search_term_string}\"},\"query-input\":{\"@type\":\"PropertyValueSpecification\",\"valueRequired\":true,\"valueName\":\"search_term_string\"}}],\"inLanguage\":\"fr-FR\"}]}<\/script>\n<!-- \/ Yoast SEO plugin. -->","yoast_head_json":{"title":"Carte CEPGL - Portail de la Diaspora","robots":{"index":"index","follow":"follow","max-snippet":"max-snippet:-1","max-image-preview":"max-image-preview:large","max-video-preview":"max-video-preview:-1"},"canonical":"https:\/\/mae.gov.bi\/diaspora\/carte-cepgl\/","og_locale":"fr_FR","og_type":"article","og_title":"Carte CEPGL - Portail de la Diaspora","og_description":"Documents exig\u00e9s pour les majeurs: Photocopie de la Carte Nationale d\u2019Identit\u00e9 Attestation d\u2019identit\u00e9 compl\u00e8te Attestation de r\u00e9sidence Document pouvant justifier la profession du requ\u00e9rant Photo passeport Documents exig\u00e9s pour les mineurs: Photocopie de l\u2019Extrait d\u2019Acte de Naissance d\u2019Identit\u00e9 Autorisation parentale notari\u00e9e Photocopies des Cartes Nationales d\u2019 Identit\u00e9 des parents Photo passeport Attestation de scolarit\u00e9 Documents &hellip;","og_url":"https:\/\/mae.gov.bi\/diaspora\/carte-cepgl\/","og_site_name":"Portail de la Diaspora","article_modified_time":"2023-09-01T09:21:27+00:00","twitter_card":"summary_large_image","twitter_misc":{"Dur\u00e9e de lecture estim\u00e9e":"1 minute"},"schema":{"@context":"https:\/\/schema.org","@graph":[{"@type":"WebPage","@id":"https:\/\/mae.gov.bi\/diaspora\/carte-cepgl\/","url":"https:\/\/mae.gov.bi\/diaspora\/carte-cepgl\/","name":"Carte CEPGL - Portail de la Diaspora","isPartOf":{"@id":"https:\/\/mae.gov.bi\/diaspora\/#website"},"datePublished":"2023-08-11T06:54:42+00:00","dateModified":"2023-09-01T09:21:27+00:00","breadcrumb":{"@id":"https:\/\/mae.gov.bi\/diaspora\/carte-cepgl\/#breadcrumb"},"inLanguage":"fr-FR","potentialAction":[{"@type":"ReadAction","target":["https:\/\/mae.gov.bi\/diaspora\/carte-cepgl\/"]}]},{"@type":"BreadcrumbList","@id":"https:\/\/mae.gov.bi\/diaspora\/carte-cepgl\/#breadcrumb","itemListElement":[{"@type":"ListItem","position":1,"name":"Accueil","item":"https:\/\/mae.gov.bi\/diaspora\/"},{"@type":"ListItem","position":2,"name":"Carte CEPGL"}]},{"@type":"WebSite","@id":"https:\/\/mae.gov.bi\/diaspora\/#website","url":"https:\/\/mae.gov.bi\/diaspora\/","name":"Portail de la Diaspora","description":"","potentialAction":[{"@type":"SearchAction","target":{"@type":"EntryPoint","urlTemplate":"https:\/\/mae.gov.bi\/diaspora\/?s={search_term_string}"},"query-input":{"@type":"PropertyValueSpecification","valueRequired":true,"valueName":"search_term_string"}}],"inLanguage":"fr-FR"}]}},"_links":{"self":[{"href":"https:\/\/mae.gov.bi\/diaspora\/wp-json\/wp\/v2\/pages\/746","targetHints":{"allow":["GET"]}}],"collection":[{"href":"https:\/\/mae.gov.bi\/diaspora\/wp-json\/wp\/v2\/pages"}],"about":[{"href":"https:\/\/mae.gov.bi\/diaspora\/wp-json\/wp\/v2\/types\/page"}],"author":[{"embeddable":true,"href":"https:\/\/mae.gov.bi\/diaspora\/wp-json\/wp\/v2\/users\/21"}],"replies":[{"embeddable":true,"href":"https:\/\/mae.gov.bi\/diaspora\/wp-json\/wp\/v2\/comments?post=746"}],"version-history":[{"count":2,"href":"https:\/\/mae.gov.bi\/diaspora\/wp-json\/wp\/v2\/pages\/746\/revisions"}],"predecessor-version":[{"id":830,"href":"https:\/\/mae.gov.bi\/diaspora\/wp-json\/wp\/v2\/pages\/746\/revisions\/830"}],"wp:attachment":[{"href":"https:\/\/mae.gov.bi\/diaspora\/wp-json\/wp\/v2\/media?parent=746"}],"curies":[{"name":"wp","href":"https:\/\/api.w.org\/{rel}","templated":true}]}}